{"id":30046,"date":"2026-02-10T18:34:56","date_gmt":"2026-02-10T18:34:56","guid":{"rendered":"https:\/\/golden-house.org\/product\/la-germania-freestanding-cooker-60-x-60-cm-4-gas-burners-in-stainless-x-black-color-6c40grb1x4aww\/"},"modified":"2026-02-10T18:34:56","modified_gmt":"2026-02-10T18:34:56","slug":"%d8%b7%d8%a8%d8%a7%d8%ae-%d9%82%d8%a7%d8%a6%d9%85-%d8%a8%d8%b0%d8%a7%d8%aa%d9%87-%d9%85%d9%86-%d9%84%d8%a7-%d8%ac%d9%8a%d8%b1%d9%85%d8%a7%d9%86%d9%8a%d8%a7-60-x-60-%d8%b3%d9%85-4-%d8%b4%d8%b9","status":"publish","type":"product","link":"https:\/\/golden-house.org\/ar\/product\/%d8%b7%d8%a8%d8%a7%d8%ae-%d9%82%d8%a7%d8%a6%d9%85-%d8%a8%d8%b0%d8%a7%d8%aa%d9%87-%d9%85%d9%86-%d9%84%d8%a7-%d8%ac%d9%8a%d8%b1%d9%85%d8%a7%d9%86%d9%8a%d8%a7-60-x-60-%d8%b3%d9%85-4-%d8%b4%d8%b9\/","title":{"rendered":"\u0637\u0628\u0627\u062e \u0642\u0627\u0626\u0645 \u0628\u0630\u0627\u062a\u0647 \u0645\u0646 \u0644\u0627 \u062c\u064a\u0631\u0645\u0627\u0646\u064a\u0627 60 \u00d7 60 \u0633\u0645 4 \u0634\u0639\u0644\u0627\u062a \u063a\u0627\u0632 \u0628\u0644\u0648\u0646 \u0623\u0633\u0648\u062f 6C40GRB1X4AWW"},"content":{"rendered":"<p><span style=\"color: rgb(119, 119, 119); font-family: \"open sans\", \"helvetica neue\", helvetica, arial, sans-serif; font-size: 14px; letter-spacing: 0.07px;\">\u0637\u0628\u0627\u062e \u0644\u0627 \u062c\u064a\u0631\u0645\u0627\u0646\u064a\u0627 \u0628\u0631\u064a\u0645\u064a\u0648 \u0645\u0633\u062a\u0642\u0644 \u0628\u0630\u0627\u062a\u0647<\/span><br style=\"color: rgb(119, 119, 119); font-family: \"open sans\", \"helvetica neue\", helvetica, arial, sans-serif; font-size: 14px; letter-spacing: 0.07px; outline: none !important;\"><span style=\"color: rgb(119, 119, 119); font-family: \"open sans\", \"helvetica neue\", helvetica, arial, sans-serif; font-size: 14px; letter-spacing: 0.07px;\">\u0645\u062c\u0645\u0648\u0639\u0629 \u0627\u0644\u0637\u0628\u0627\u062e: \u0643\u0644\u0627\u0633\u064a\u0643\u0627<\/span><br style=\"color: rgb(119, 119, 119); font-family: \"open sans\", \"helvetica neue\", helvetica, arial, sans-serif; font-size: 14px; letter-spacing: 0.07px; outline: none !important;\"><span style=\"color: rgb(119, 119, 119); font-family: \"open sans\", \"helvetica neue\", helvetica, arial, sans-serif; font-size: 14px; letter-spacing: 0.07px;\">\u062d\u062c\u0645 \u0627\u0644\u0637\u0628\u0627\u062e: 60 \u00d7 60 \u0633\u0645<\/span><br style=\"color: rgb(119, 119, 119); font-family: \"open sans\", \"helvetica neue\", helvetica, arial, sans-serif; font-size: 14px; letter-spacing: 0.07px; outline: none !important;\"><span style=\"color: rgb(119, 119, 119); font-family: \"open sans\", \"helvetica neue\", helvetica, arial, sans-serif; font-size: 14px; letter-spacing: 0.07px;\">\u0634\u0639\u0644\u0627\u062a \u0633\u0637\u062d \u0627\u0644\u0639\u0645\u0644 : 4 \u0634\u0639\u0644\u0627\u062a \u063a\u0627\u0632<\/span><br style=\"color: rgb(119, 119, 119); font-family: \"open sans\", \"helvetica neue\", helvetica, arial, sans-serif; font-size: 14px; letter-spacing: 0.07px; outline: none !important;\"><span style=\"color: rgb(119, 119, 119); font-family: \"open sans\", \"helvetica neue\", helvetica, arial, sans-serif; font-size: 14px; letter-spacing: 0.07px;\">\u0634\u0639\u0644\u0627\u062a \u0625\u064a\u0637\u0627\u0644\u064a\u0627<\/span><br style=\"color: rgb(119, 119, 119); font-family: \"open sans\", \"helvetica neue\", helvetica, arial, sans-serif; font-size: 14px; letter-spacing: 0.07px; outline: none !important;\"><span style=\"color: rgb(119, 119, 119); font-family: \"open sans\", \"helvetica neue\", helvetica, arial, sans-serif; font-size: 14px; letter-spacing: 0.07px;\">\u0644\u0648\u0646 \u0627\u0644\u0637\u0628\u0627\u062e: \u0633\u062a\u0627\u0646\u0644\u0633 \u0633\u062a\u0627\u0646\u0644\u0633 \u00d7 \u0623\u0633\u0648\u062f<\/span><br style=\"color: rgb(119, 119, 119); font-family: \"open sans\", \"helvetica neue\", helvetica, arial, sans-serif; font-size: 14px; letter-spacing: 0.07px; outline: none !important;\"><span style=\"color: rgb(119, 119, 119); font-family: \"open sans\", \"helvetica neue\", helvetica, arial, sans-serif; font-size: 14px; letter-spacing: 0.07px;\">\u0634\u0643\u0644 \u0627\u0644\u0637\u0628\u0627\u062e: \u0645\u0639 \u063a\u0637\u0627\u0621 \u0633\u0637\u062d \u0639\u0645\u0644 \u0632\u062c\u0627\u062c\u064a<\/span><br style=\"color: rgb(119, 119, 119); font-family: \"open sans\", \"helvetica neue\", helvetica, arial, sans-serif; font-size: 14px; letter-spacing: 0.07px; outline: none !important;\"><span style=\"font-weight: 700; display: inline-block; line-height: 1; margin-top: 20px; font-size: 14px; margin-bottom: 0px; color: rgb(19, 94, 163); font-family: \"open sans\", \"helvetica neue\", helvetica, arial, sans-serif; letter-spacing: 0.07px; outline: none !important;\">\u0645\u064a\u0632\u0627\u062a \u0627\u0644\u0637\u0628\u0627\u062e: - -<\/span><br style=\"color: rgb(119, 119, 119); font-family: \"open sans\", \"helvetica neue\", helvetica, arial, sans-serif; font-size: 14px; letter-spacing: 0.07px; outline: none !important;\"><span style=\"color: rgb(119, 119, 119); font-family: \"open sans\", \"helvetica neue\", helvetica, arial, sans-serif; font-size: 14px; letter-spacing: 0.07px;\">\u0645\u0627\u062f\u0629 \u0644\u0648\u062d\u0629 \u0627\u0644\u062a\u062d\u0643\u0645: \u0641\u0648\u0644\u0627\u0630 \u0645\u0642\u0627\u0648\u0645 \u0644\u0644\u0635\u062f\u0623<\/span><br style=\"color: rgb(119, 119, 119); font-family: \"open sans\", \"helvetica neue\", helvetica, arial, sans-serif; font-size: 14px; letter-spacing: 0.07px; outline: none !important;\"><span style=\"color: rgb(119, 119, 119); font-family: \"open sans\", \"helvetica neue\", helvetica, arial, sans-serif; font-size: 14px; letter-spacing: 0.07px;\">\u0645\u0627\u062f\u0629 \u062d\u0627\u0645\u0644 \u0627\u0644\u0634\u0639\u0644\u0627\u062a: \u062f\u0639\u0627\u0645\u0629 \u0645\u0642\u0644\u0627\u0629 \u0643\u0628\u064a\u0631\u0629 \u0645\u0637\u0644\u064a\u0629 \u0628\u0627\u0644\u0645\u064a\u0646\u0627<\/span><br style=\"color: rgb(119, 119, 119); font-family: \"open sans\", \"helvetica neue\", helvetica, arial, sans-serif; font-size: 14px; letter-spacing: 0.07px; outline: none !important;\"><span style=\"color: rgb(119, 119, 119); font-family: \"open sans\", \"helvetica neue\", helvetica, arial, sans-serif; font-size: 14px; letter-spacing: 0.07px;\">\u0633\u0644\u0627\u0645\u0629 \u0643\u0627\u0645\u0644\u0629 \u0644\u0633\u0637\u062d \u0627\u0644\u0639\u0645\u0644 (100% \u0625\u064a\u0637\u0627\u0644\u064a\u0627)<\/span><br style=\"color: rgb(119, 119, 119); font-family: \"open sans\", \"helvetica neue\", helvetica, arial, sans-serif; font-size: 14px; letter-spacing: 0.07px; outline: none !important;\"><span style=\"color: rgb(119, 119, 119); font-family: \"open sans\", \"helvetica neue\", helvetica, arial, sans-serif; font-size: 14px; letter-spacing: 0.07px; outline: none !important;\">\u0625\u0634\u0639\u0627\u0644 \u0643\u0627\u0645\u0644 \u0628\u064a\u062f \u0648\u0627\u062d\u062f\u0629 \u0644\u0644\u0645\u0648\u0642\u062f<\/span><br style=\"color: rgb(119, 119, 119); font-family: \"open sans\", \"helvetica neue\", helvetica, arial, sans-serif; font-size: 14px; letter-spacing: 0.07px; outline: none !important;\"><span style=\"color: rgb(119, 119, 119); font-family: \"open sans\", \"helvetica neue\", helvetica, arial, sans-serif; font-size: 14px; letter-spacing: 0.07px;\">\u0639\u0632\u0644 \u062d\u0631\u0627\u0631\u064a \u0635\u062f\u064a\u0642 \u0644\u0644\u0628\u064a\u0626\u0629<\/span><br style=\"color: rgb(119, 119, 119); font-family: \"open sans\", \"helvetica neue\", helvetica, arial, sans-serif; font-size: 14px; letter-spacing: 0.07px; outline: none !important;\"><span style=\"color: rgb(119, 119, 119); font-family: \"open sans\", \"helvetica neue\", helvetica, arial, sans-serif; font-size: 14px; letter-spacing: 0.07px;\">2 \u0645\u062f\u062e\u0644\u0627\u062a \u0627\u0644\u063a\u0627\u0632 \u064a\u0645\u064a\u0646\u0627\u064b \u0648\u064a\u0633\u0627\u0631\u0627\u064b<\/span><br style=\"color: rgb(119, 119, 119); font-family: \"open sans\", \"helvetica neue\", helvetica, arial, sans-serif; font-size: 14px; letter-spacing: 0.07px; outline: none !important;\"><span style=\"font-weight: 700; display: inline-block; line-height: 1; margin-top: 20px; font-size: 14px; margin-bottom: 0px; color: rgb(19, 94, 163); font-family: \"open sans\", \"helvetica neue\", helvetica, arial, sans-serif; letter-spacing: 0.07px; outline: none !important;\">\u0645\u064a\u0632\u0627\u062a \u0627\u0644\u0641\u0631\u0646:- -<\/span><br style=\"color: rgb(119, 119, 119); font-family: \"open sans\", \"helvetica neue\", helvetica, arial, sans-serif; font-size: 14px; letter-spacing: 0.07px; outline: none !important;\"><span style=\"color: rgb(119, 119, 119); font-family: \"open sans\", \"helvetica neue\", helvetica, arial, sans-serif; font-size: 14px; letter-spacing: 0.07px; outline: none !important;\">\u0641\u0631\u0646 \u0643\u0628\u064a\u0631 \u0648\u0648\u0627\u0633\u0639<\/span><br style=\"color: rgb(119, 119, 119); font-family: \"open sans\", \"helvetica neue\", helvetica, arial, sans-serif; font-size: 14px; letter-spacing: 0.07px; outline: none !important;\"><span style=\"color: rgb(119, 119, 119); font-family: \"open sans\", \"helvetica neue\", helvetica, arial, sans-serif; font-size: 14px; letter-spacing: 0.07px;\">\u0645\u0631\u0648\u062d\u0629 \u0644\u062a\u0648\u0632\u064a\u0639 \u0627\u0644\u062d\u0631\u0627\u0631\u0629 \u062f\u0627\u062e\u0644 \u0627\u0644\u0641\u0631\u0646<\/span><br style=\"color: rgb(119, 119, 119); font-family: \"open sans\", \"helvetica neue\", helvetica, arial, sans-serif; font-size: 14px; letter-spacing: 0.07px; outline: none !important;\"><span style=\"color: rgb(119, 119, 119); font-family: \"open sans\", \"helvetica neue\", helvetica, arial, sans-serif; font-size: 14px; letter-spacing: 0.07px;\">\u062a\u0631\u0645\u0648\u0633\u062a\u0627\u062a \u0644\u0644\u062a\u062d\u0643\u0645 \u0641\u064a \u062f\u0631\u062c\u0629 \u062d\u0631\u0627\u0631\u0629 \u0627\u0644\u0641\u0631\u0646<\/span><br style=\"color: rgb(119, 119, 119); font-family: \"open sans\", \"helvetica neue\", helvetica, arial, sans-serif; font-size: 14px; letter-spacing: 0.07px; outline: none !important;\"><span style=\"color: rgb(119, 119, 119); font-family: \"open sans\", \"helvetica neue\", helvetica, arial, sans-serif; font-size: 14px; letter-spacing: 0.07px;\">\u0645\u0624\u0642\u062a \u0645\u064a\u0643\u0627\u0646\u064a\u0643\u064a \u0645\u0632\u0648\u062f \u0628\u0645\u0646\u0628\u0647<\/span><br style=\"color: rgb(119, 119, 119); font-family: \"open sans\", \"helvetica neue\", helvetica, arial, sans-serif; font-size: 14px; letter-spacing: 0.07px; outline: none !important;\"><span style=\"color: rgb(119, 119, 119); font-family: \"open sans\", \"helvetica neue\", helvetica, arial, sans-serif; font-size: 14px; letter-spacing: 0.07px;\">\u0645\u0639 \u0625\u0636\u0627\u0621\u0629 \u062f\u0627\u062e\u0644\u064a\u0629<\/span><br style=\"color: rgb(119, 119, 119); font-family: \"open sans\", \"helvetica neue\", helvetica, arial, sans-serif; font-size: 14px; letter-spacing: 0.07px; outline: none !important;\"><span style=\"color: rgb(119, 119, 119); font-family: \"open sans\", \"helvetica neue\", helvetica, arial, sans-serif; font-size: 14px; letter-spacing: 0.07px;\">\u0633\u0647\u0648\u0644\u0629 \u0627\u0644\u062a\u062d\u0643\u0645 \u0641\u064a \u0627\u0644\u0623\u0631\u0641\u0641 \u0627\u0644\u0645\u062a\u062d\u0631\u0643\u0629\u00a0<\/span><span style=\"color: rgb(119, 119, 119); font-family: \"open sans\", \"helvetica neue\", helvetica, arial, sans-serif; font-size: 14px; letter-spacing: 0.07px; outline: none !important;\">(5 \u0648\u0638\u0627\u0626\u0641)<\/span><br style=\"color: rgb(119, 119, 119); font-family: \"open sans\", \"helvetica neue\", helvetica, arial, sans-serif; font-size: 14px; letter-spacing: 0.07px; outline: none !important;\"><span style=\"color: rgb(119, 119, 119); font-family: \"open sans\", \"helvetica neue\", helvetica, arial, sans-serif; font-size: 14px; letter-spacing: 0.07px;\">\u0627\u0644\u0633\u0644\u0627\u0645\u0629 \u0627\u0644\u0643\u0627\u0645\u0644\u0629 \u0644\u0644\u0641\u0631\u0646 (100% \u0625\u064a\u0637\u0627\u0644\u064a\u0627)<\/span><br style=\"color: rgb(119, 119, 119); font-family: \"open sans\", \"helvetica neue\", helvetica, arial, sans-serif; font-size: 14px; letter-spacing: 0.07px; outline: none !important;\"><span style=\"color: rgb(119, 119, 119); font-family: \"open sans\", \"helvetica neue\", helvetica, arial, sans-serif; font-size: 14px; letter-spacing: 0.07px; outline: none !important;\">\u0625\u0634\u0639\u0627\u0644 \u0643\u0627\u0645\u0644 \u0628\u064a\u062f \u0648\u0627\u062d\u062f\u0629 \u0644\u0644\u0641\u0631\u0646<\/span><br style=\"color: rgb(119, 119, 119); font-family: \"open sans\", \"helvetica neue\", helvetica, arial, sans-serif; font-size: 14px; letter-spacing: 0.07px; outline: none !important;\"><span style=\"color: rgb(119, 119, 119); font-family: \"open sans\", \"helvetica neue\", helvetica, arial, sans-serif; font-size: 14px; letter-spacing: 0.07px;\">\u0634\u0648\u0627\u0621 \u062d\u0642\u064a\u0642\u064a \u0645\u063a\u0644\u0642 \u0627\u0644\u0623\u0628\u0648\u0627\u0628 \u0645\u063a\u0644\u0642\u0629<\/span><br style=\"color: rgb(119, 119, 119); font-family: \"open sans\", \"helvetica neue\", helvetica, arial, sans-serif; font-size: 14px; letter-spacing: 0.07px; outline: none !important;\"><span style=\"color: rgb(119, 119, 119); font-family: \"open sans\", \"helvetica neue\", helvetica, arial, sans-serif; font-size: 14px; letter-spacing: 0.07px;\">\u062f\u0648\u0631\u0627\u0646 \u0627\u0644\u0628\u0635\u0642 (\u0634\u0648\u0627\u064a\u0629 \u062a\u0639\u0645\u0644 \u0628\u0645\u062d\u0631\u0643)<\/span><br style=\"color: rgb(119, 119, 119); font-family: \"open sans\", \"helvetica neue\", helvetica, arial, sans-serif; font-size: 14px; letter-spacing: 0.07px; outline: none !important;\"><span style=\"font-weight: 700; display: inline-block; line-height: 1; margin-top: 20px; font-size: 14px; margin-bottom: 0px; color: rgb(19, 94, 163); font-family: \"open sans\", \"helvetica neue\", helvetica, arial, sans-serif; letter-spacing: 0.07px; outline: none !important;\">\u0623\u0628\u0639\u0627\u062f \u0627\u0644\u0637\u0628\u0627\u062e (\u0633\u0645) :-<\/span><br style=\"color: rgb(119, 119, 119); font-family: \"open sans\", \"helvetica neue\", helvetica, arial, sans-serif; font-size: 14px; letter-spacing: 0.07px; outline: none !important;\"><span style=\"color: rgb(119, 119, 119); font-family: \"open sans\", \"helvetica neue\", helvetica, arial, sans-serif; font-size: 14px; letter-spacing: 0.07px;\">\u0627\u0644\u0639\u0631\u0636 \u00d7 \u0627\u0644\u0627\u0631\u062a\u0641\u0627\u0639 \u00d7 \u0627\u0644\u0639\u0645\u0642: 60 \u00d7 75 \u00d7 60 \u00d7 75 \u00d7 60<\/span><br style=\"color: rgb(119, 119, 119); font-family: \"open sans\", \"helvetica neue\", helvetica, arial, sans-serif; font-size: 14px; letter-spacing: 0.07px; outline: none !important;\"><span style=\"font-weight: 700; display: inline-block; line-height: 1; margin-top: 20px; font-size: 14px; margin-bottom: 0px; color: rgb(19, 94, 163); font-family: \"open sans\", \"helvetica neue\", helvetica, arial, sans-serif; letter-spacing: 0.07px; outline: none !important;\">\u0627\u0644\u0648\u0632\u0646 :- -<\/span><br style=\"color: rgb(119, 119, 119); font-family: \"open sans\", \"helvetica neue\", helvetica, arial, sans-serif; font-size: 14px; letter-spacing: 0.07px; outline: none !important;\"><span style=\"color: rgb(119, 119, 119); font-family: \"open sans\", \"helvetica neue\", helvetica, arial, sans-serif; font-size: 14px; letter-spacing: 0.07px; outline: none !important;\">\u0627\u0644\u0648\u0632\u0646 \u0627\u0644\u0635\u0627\u0641\u064a : 49.08 \u0643\u062c\u0645<\/span><br style=\"color: rgb(119, 119, 119); font-family: \"open sans\", \"helvetica neue\", helvetica, arial, sans-serif; font-size: 14px; letter-spacing: 0.07px; outline: none !important;\"><span style=\"color: rgb(119, 119, 119); font-family: \"open sans\", \"helvetica neue\", helvetica, arial, sans-serif; font-size: 14px; letter-spacing: 0.07px; outline: none !important;\">\u0627\u0644\u0648\u0632\u0646 \u0627\u0644\u0625\u062c\u0645\u0627\u0644\u064a : 53.77 \u0643\u062c\u0645<\/span><br style=\"color: rgb(119, 119, 119); font-family: \"open sans\", \"helvetica neue\", helvetica, arial, sans-serif; font-size: 14px; letter-spacing: 0.07px; outline: none !important;\"><span style=\"font-weight: 700; display: inline-block; line-height: 1; margin-top: 20px; font-size: 14px; margin-bottom: 0px; color: rgb(19, 94, 163); font-family: \"open sans\", \"helvetica neue\", helvetica, arial, sans-serif; letter-spacing: 0.07px; outline: none !important;\">\u0628\u0644\u062f \u0627\u0644\u0645\u0646\u0634\u0623 :\u00a0<\/span><span style=\"color: rgb(119, 119, 119); font-family: \"open sans\", \"helvetica neue\", helvetica, arial, sans-serif; font-size: 14px; letter-spacing: 0.07px;\">\u0645\u0635\u0631<\/span><br style=\"color: rgb(119, 119, 119); font-family: \"open sans\", \"helvetica neue\", helvetica, arial, sans-serif; font-size: 14px; letter-spacing: 0.07px; outline: none !important;\"><span style=\"font-weight: 700; display: inline-block; line-height: 1; margin-top: 20px; font-size: 14px; margin-bottom: 0px; color: rgb(19, 94, 163); font-family: \"open sans\", \"helvetica neue\", helvetica, arial, sans-serif; letter-spacing: 0.07px; outline: none !important;\">\u0636\u0645\u0627\u0646 \u0627\u0644\u0637\u0628\u0627\u062e :<\/span><span style=\"color: rgb(119, 119, 119); font-family: \"open sans\", \"helvetica neue\", helvetica, arial, sans-serif; font-size: 14px; letter-spacing: 0.07px;\">\u00a0\u0636\u0645\u0627\u0646 \u0645\u062c\u0627\u0646\u064a \u0643\u0627\u0645\u0644 \u0644\u0645\u062f\u0629 5 \u0633\u0646\u0648\u0627\u062a<\/span><\/p>","protected":false},"excerpt":{"rendered":"<p>\u0637\u0628\u0627\u062e \u0628\u0631\u064a\u0645\u064a\u0648 \u0642\u0627\u0626\u0645 \u0628\u0630\u0627\u062a\u0647 \u0645\u0646 \u0644\u0627 \u062c\u064a\u0631\u0645\u0627\u0646\u064a\u0627 \u0645\u062c\u0645\u0648\u0639\u0629 \u0627\u0644\u0637\u0628\u0627\u062e: \u0643\u0644\u0627\u0633\u064a\u0643\u0627\u0645\u0642\u0627\u0633 \u0627\u0644\u0637\u0628\u0627\u062e: 60 \u00d7 60 \u0633\u0645 \u0627\u0644\u0634\u0639\u0644\u0627\u062a: 4 \u0634\u0639\u0644\u0627\u062a \u063a\u0627\u0632\u064a\u0629\u0634\u0639\u0644\u0627\u062a \u063a\u0627\u0632\u064a\u0629\u0625\u064a\u0637\u0627\u0644\u064a\u0627 \u0627\u0644\u0634\u0639\u0644\u0627\u062a<\/p>","protected":false},"featured_media":30047,"comment_status":"open","ping_status":"closed","template":"","meta":[],"product_brand":[],"product_cat":[219],"product_tag":[],"class_list":{"0":"post-30046","1":"product","2":"type-product","3":"status-publish","4":"has-post-thumbnail","6":"product_cat-cookers-appliances","8":"first","9":"instock","10":"taxable","11":"shipping-taxable","12":"purchasable","13":"product-type-simple"},"_links":{"self":[{"href":"https:\/\/golden-house.org\/ar\/wp-json\/wp\/v2\/product\/30046","targetHints":{"allow":["GET"]}}],"collection":[{"href":"https:\/\/golden-house.org\/ar\/wp-json\/wp\/v2\/product"}],"about":[{"href":"https:\/\/golden-house.org\/ar\/wp-json\/wp\/v2\/types\/product"}],"replies":[{"embeddable":true,"href":"https:\/\/golden-house.org\/ar\/wp-json\/wp\/v2\/comments?post=30046"}],"version-history":[{"count":0,"href":"https:\/\/golden-house.org\/ar\/wp-json\/wp\/v2\/product\/30046\/revisions"}],"wp:featuredmedia":[{"embeddable":true,"href":"https:\/\/golden-house.org\/ar\/wp-json\/wp\/v2\/media\/30047"}],"wp:attachment":[{"href":"https:\/\/golden-house.org\/ar\/wp-json\/wp\/v2\/media?parent=30046"}],"wp:term":[{"taxonomy":"product_brand","embeddable":true,"href":"https:\/\/golden-house.org\/ar\/wp-json\/wp\/v2\/product_brand?post=30046"},{"taxonomy":"product_cat","embeddable":true,"href":"https:\/\/golden-house.org\/ar\/wp-json\/wp\/v2\/product_cat?post=30046"},{"taxonomy":"product_tag","embeddable":true,"href":"https:\/\/golden-house.org\/ar\/wp-json\/wp\/v2\/product_tag?post=30046"}],"curies":[{"name":"\u062f\u0628\u0644\u064a\u0648 \u0628\u064a","href":"https:\/\/api.w.org\/{rel}","templated":true}]}}